{"id":147,"date":"2026-01-25T08:57:39","date_gmt":"2026-01-25T08:57:39","guid":{"rendered":"https:\/\/australien2026.compiworld.ch\/?page_id=147"},"modified":"2026-01-25T08:57:39","modified_gmt":"2026-01-25T08:57:39","slug":"3-on-the-road-again","status":"publish","type":"page","link":"https:\/\/australien2026.compiworld.ch\/?page_id=147","title":{"rendered":"3. on the road again"},"content":{"rendered":"\n<p>Heute ging es zur \u00dcbernahme des Campervans. Wir wurden schnell eingewiesen und sassen schnell mal hinter dem Steuer. Claudia hatte die Aufgabe, das Naviger\u00e4t zu deuten und ihm eine schweizerdeutsche Stimme zu geben und ich fuhr souver\u00e4n durch Adelaide&#8217;s Montagsverkehr. Den mit dem Linksfahren hatte ich schnell wieder im Griff und w\u00fcrde jederzeit eine Petition lancieren, dass auch wir in der Schweiz links fahren \ud83d\ude01\ud83d\ude01\ud83d\ude01\ud83d\ude01<\/p>\n\n\n\n<figure class=\"wp-block-image size-large is-resized\"><img loading=\"lazy\" decoding=\"async\" width=\"1024\" height=\"768\" src=\"https:\/\/australien2026.compiworld.ch\/wp-content\/uploads\/2026\/01\/20260121_161004-1024x768.jpg\" alt=\"\" class=\"wp-image-166\" style=\"width:197px;height:auto\" srcset=\"https:\/\/australien2026.compiworld.ch\/wp-content\/uploads\/2026\/01\/20260121_161004-1024x768.jpg 1024w, https:\/\/australien2026.compiworld.ch\/wp-content\/uploads\/2026\/01\/20260121_161004-300x225.jpg 300w, https:\/\/australien2026.compiworld.ch\/wp-content\/uploads\/2026\/01\/20260121_161004-768x576.jpg 768w, https:\/\/australien2026.compiworld.ch\/wp-content\/uploads\/2026\/01\/20260121_161004-1536x1152.jpg 1536w, https:\/\/australien2026.compiworld.ch\/wp-content\/uploads\/2026\/01\/20260121_161004-2048x1536.jpg 2048w\" sizes=\"auto, (max-width: 1024px) 100vw, 1024px\" \/><\/figure>\n\n\n\n<p>Wir mussten als Erstes unseren Vorrat f\u00fcr die n\u00e4chsten Tage auff\u00fcllen. Aus diesem Grund ging es schon mal ins Westfield Shopping Center. Wir f\u00fcllten unseren Einkaufswagen und noch schnell einen Kaffee bevor es weiter Richtung S\u00fcden ging.<\/p>\n\n\n\n<figure class=\"wp-block-gallery has-nested-images columns-default is-cropped wp-block-gallery-1 is-layout-flex wp-block-gallery-is-layout-flex\">\n<figure class=\"wp-block-image size-large\"><img loading=\"lazy\" decoding=\"async\" width=\"768\" height=\"1024\" data-id=\"155\" src=\"https:\/\/australien2026.compiworld.ch\/wp-content\/uploads\/2026\/01\/1000110195-768x1024.jpg\" alt=\"\" class=\"wp-image-155\" srcset=\"https:\/\/australien2026.compiworld.ch\/wp-content\/uploads\/2026\/01\/1000110195-768x1024.jpg 768w, https:\/\/australien2026.compiworld.ch\/wp-content\/uploads\/2026\/01\/1000110195-225x300.jpg 225w, https:\/\/australien2026.compiworld.ch\/wp-content\/uploads\/2026\/01\/1000110195-1152x1536.jpg 1152w, https:\/\/australien2026.compiworld.ch\/wp-content\/uploads\/2026\/01\/1000110195-1536x2048.jpg 1536w, https:\/\/australien2026.compiworld.ch\/wp-content\/uploads\/2026\/01\/1000110195-scaled.jpg 1920w\" sizes=\"auto, (max-width: 768px) 100vw, 768px\" \/><\/figure>\n\n\n\n<figure class=\"wp-block-image size-large\"><img loading=\"lazy\" decoding=\"async\" width=\"768\" height=\"1024\" data-id=\"156\" src=\"https:\/\/australien2026.compiworld.ch\/wp-content\/uploads\/2026\/01\/1000110194-768x1024.jpg\" alt=\"\" class=\"wp-image-156\" srcset=\"https:\/\/australien2026.compiworld.ch\/wp-content\/uploads\/2026\/01\/1000110194-768x1024.jpg 768w, https:\/\/australien2026.compiworld.ch\/wp-content\/uploads\/2026\/01\/1000110194-225x300.jpg 225w, https:\/\/australien2026.compiworld.ch\/wp-content\/uploads\/2026\/01\/1000110194-1152x1536.jpg 1152w, https:\/\/australien2026.compiworld.ch\/wp-content\/uploads\/2026\/01\/1000110194-1536x2048.jpg 1536w, https:\/\/australien2026.compiworld.ch\/wp-content\/uploads\/2026\/01\/1000110194-scaled.jpg 1920w\" sizes=\"auto, (max-width: 768px) 100vw, 768px\" \/><\/figure>\n<\/figure>\n\n\n\n<p>Mount Compass Big4 Campground: Wir hatten schon aus der Schweiz unseren ersten Campground ausgesucht und dies etwas s\u00fcdlicher von Adelaide. Check-in und dann hiess es Camper einrichten, Koffer leeren und alles irgendwie verstauen. Auch die Lebensmittel mussten irgenwie &#8211; irgendwo&#8230; Einen kurzen Spaziergang zur Erholung, denn heute war es nicht so heiss. Ein kalter Wind blies uns um die Ohren.<\/p>\n\n\n\n<figure class=\"wp-block-gallery has-nested-images columns-default is-cropped wp-block-gallery-2 is-layout-flex wp-block-gallery-is-layout-flex\">\n<figure class=\"wp-block-image size-large\"><img loading=\"lazy\" decoding=\"async\" width=\"768\" height=\"1024\" data-id=\"162\" src=\"https:\/\/australien2026.compiworld.ch\/wp-content\/uploads\/2026\/01\/1000110207-768x1024.jpg\" alt=\"\" class=\"wp-image-162\" srcset=\"https:\/\/australien2026.compiworld.ch\/wp-content\/uploads\/2026\/01\/1000110207-768x1024.jpg 768w, https:\/\/australien2026.compiworld.ch\/wp-content\/uploads\/2026\/01\/1000110207-225x300.jpg 225w, https:\/\/australien2026.compiworld.ch\/wp-content\/uploads\/2026\/01\/1000110207-1152x1536.jpg 1152w, https:\/\/australien2026.compiworld.ch\/wp-content\/uploads\/2026\/01\/1000110207-1536x2048.jpg 1536w, https:\/\/australien2026.compiworld.ch\/wp-content\/uploads\/2026\/01\/1000110207-scaled.jpg 1920w\" sizes=\"auto, (max-width: 768px) 100vw, 768px\" \/><\/figure>\n\n\n\n<figure class=\"wp-block-image size-large\"><img loading=\"lazy\" decoding=\"async\" width=\"1024\" height=\"768\" data-id=\"158\" src=\"https:\/\/australien2026.compiworld.ch\/wp-content\/uploads\/2026\/01\/20260120_165449-1024x768.jpg\" alt=\"\" class=\"wp-image-158\" srcset=\"https:\/\/australien2026.compiworld.ch\/wp-content\/uploads\/2026\/01\/20260120_165449-1024x768.jpg 1024w, https:\/\/australien2026.compiworld.ch\/wp-content\/uploads\/2026\/01\/20260120_165449-300x225.jpg 300w, https:\/\/australien2026.compiworld.ch\/wp-content\/uploads\/2026\/01\/20260120_165449-768x576.jpg 768w, https:\/\/australien2026.compiworld.ch\/wp-content\/uploads\/2026\/01\/20260120_165449-1536x1152.jpg 1536w, https:\/\/australien2026.compiworld.ch\/wp-content\/uploads\/2026\/01\/20260120_165449-2048x1536.jpg 2048w\" sizes=\"auto, (max-width: 1024px) 100vw, 1024px\" \/><\/figure>\n<\/figure>\n\n\n\n<figure class=\"wp-block-image size-large is-resized\"><img loading=\"lazy\" decoding=\"async\" width=\"1024\" height=\"312\" src=\"https:\/\/australien2026.compiworld.ch\/wp-content\/uploads\/2026\/01\/1000110197-1024x312.jpg\" alt=\"\" class=\"wp-image-163\" style=\"width:1094px;height:auto\" srcset=\"https:\/\/australien2026.compiworld.ch\/wp-content\/uploads\/2026\/01\/1000110197-1024x312.jpg 1024w, https:\/\/australien2026.compiworld.ch\/wp-content\/uploads\/2026\/01\/1000110197-300x91.jpg 300w, https:\/\/australien2026.compiworld.ch\/wp-content\/uploads\/2026\/01\/1000110197-768x234.jpg 768w, https:\/\/australien2026.compiworld.ch\/wp-content\/uploads\/2026\/01\/1000110197-1536x468.jpg 1536w, https:\/\/australien2026.compiworld.ch\/wp-content\/uploads\/2026\/01\/1000110197-2048x624.jpg 2048w\" sizes=\"auto, (max-width: 1024px) 100vw, 1024px\" \/><\/figure>\n\n\n\n<p>Die erste Nacht im Camper war trotz dem 132x186cm Bett eine wundervolle Nacht. Es war ruhig und angenehme Temperaturen. Wir beschlossen in den Ort zu fahren und dort 2 Swamp Trail zu erkunden. Das Wetter war eher bedeckt und windig. Egal, denn obwohl der Swamp Trail nur kurz war, haben wir interessante Tiere gesehen \ud83d\ude09\ud83d\ude09 Da war etwas Schwarzes, dass aussah wie 2 Veloschl\u00e4uche und ich wollte mich schon bei Claudia \u00fcber die Verschmutzung der Natur beklagen, als einer der Veloschl\u00e4uche zischend ins Wasser floh. Der andere Schlauch liess sich von mir fotografieren, aber fand dann als Claudia kam, dass sie genug f\u00fcr den Tourismus getan habe \ud83d\ude1d\ud83d\udc0d Es waren 2 rotb\u00e4uchige Schwarzottern. Es gab dann noch friedlichere Tiere \ud83e\udd23\ud83d\ude02\ud83e\udd23 Einen \u00dcberraschungsgast hatten wir noch direkt vor der Haust\u00fcre \ud83e\udd98<\/p>\n\n\n\n<figure class=\"wp-block-gallery has-nested-images columns-default is-cropped wp-block-gallery-3 is-layout-flex wp-block-gallery-is-layout-flex\">\n<figure class=\"wp-block-image\"><img loading=\"lazy\" decoding=\"async\" width=\"1920\" height=\"2560\" data-id=\"167\" src=\"https:\/\/australien2026.compiworld.ch\/wp-content\/uploads\/2026\/01\/20260121_114303-scaled.jpg\" alt=\"\" class=\"wp-image-167\" srcset=\"https:\/\/australien2026.compiworld.ch\/wp-content\/uploads\/2026\/01\/20260121_114303-scaled.jpg 1920w, https:\/\/australien2026.compiworld.ch\/wp-content\/uploads\/2026\/01\/20260121_114303-225x300.jpg 225w, https:\/\/australien2026.compiworld.ch\/wp-content\/uploads\/2026\/01\/20260121_114303-768x1024.jpg 768w, https:\/\/australien2026.compiworld.ch\/wp-content\/uploads\/2026\/01\/20260121_114303-1152x1536.jpg 1152w, https:\/\/australien2026.compiworld.ch\/wp-content\/uploads\/2026\/01\/20260121_114303-1536x2048.jpg 1536w\" sizes=\"auto, (max-width: 1920px) 100vw, 1920px\" \/><\/figure>\n\n\n\n<figure class=\"wp-block-image size-large\"><img loading=\"lazy\" decoding=\"async\" width=\"768\" height=\"1024\" data-id=\"171\" src=\"https:\/\/australien2026.compiworld.ch\/wp-content\/uploads\/2026\/01\/20260121_114440-1-768x1024.jpg\" alt=\"\" class=\"wp-image-171\" srcset=\"https:\/\/australien2026.compiworld.ch\/wp-content\/uploads\/2026\/01\/20260121_114440-1-768x1024.jpg 768w, https:\/\/australien2026.compiworld.ch\/wp-content\/uploads\/2026\/01\/20260121_114440-1-225x300.jpg 225w, https:\/\/australien2026.compiworld.ch\/wp-content\/uploads\/2026\/01\/20260121_114440-1-1152x1536.jpg 1152w, https:\/\/australien2026.compiworld.ch\/wp-content\/uploads\/2026\/01\/20260121_114440-1-1536x2048.jpg 1536w, https:\/\/australien2026.compiworld.ch\/wp-content\/uploads\/2026\/01\/20260121_114440-1-scaled.jpg 1920w\" sizes=\"auto, (max-width: 768px) 100vw, 768px\" \/><\/figure>\n\n\n\n<figure class=\"wp-block-image\"><img loading=\"lazy\" decoding=\"async\" width=\"1920\" height=\"2560\" data-id=\"169\" src=\"https:\/\/australien2026.compiworld.ch\/wp-content\/uploads\/2026\/01\/20260121_115853-scaled.jpg\" alt=\"\" class=\"wp-image-169\" srcset=\"https:\/\/australien2026.compiworld.ch\/wp-content\/uploads\/2026\/01\/20260121_115853-scaled.jpg 1920w, https:\/\/australien2026.compiworld.ch\/wp-content\/uploads\/2026\/01\/20260121_115853-225x300.jpg 225w, https:\/\/australien2026.compiworld.ch\/wp-content\/uploads\/2026\/01\/20260121_115853-768x1024.jpg 768w, https:\/\/australien2026.compiworld.ch\/wp-content\/uploads\/2026\/01\/20260121_115853-1152x1536.jpg 1152w, https:\/\/australien2026.compiworld.ch\/wp-content\/uploads\/2026\/01\/20260121_115853-1536x2048.jpg 1536w\" sizes=\"auto, (max-width: 1920px) 100vw, 1920px\" \/><\/figure>\n<\/figure>\n\n\n\n<figure class=\"wp-block-image size-large\"><img loading=\"lazy\" decoding=\"async\" width=\"1024\" height=\"302\" src=\"https:\/\/australien2026.compiworld.ch\/wp-content\/uploads\/2026\/01\/20260121_114830-1024x302.jpg\" alt=\"\" class=\"wp-image-172\" srcset=\"https:\/\/australien2026.compiworld.ch\/wp-content\/uploads\/2026\/01\/20260121_114830-1024x302.jpg 1024w, https:\/\/australien2026.compiworld.ch\/wp-content\/uploads\/2026\/01\/20260121_114830-300x89.jpg 300w, https:\/\/australien2026.compiworld.ch\/wp-content\/uploads\/2026\/01\/20260121_114830-768x227.jpg 768w, https:\/\/australien2026.compiworld.ch\/wp-content\/uploads\/2026\/01\/20260121_114830-1536x454.jpg 1536w, https:\/\/australien2026.compiworld.ch\/wp-content\/uploads\/2026\/01\/20260121_114830-2048x605.jpg 2048w\" sizes=\"auto, (max-width: 1024px) 100vw, 1024px\" \/><\/figure>\n\n\n\n<figure class=\"wp-block-gallery has-nested-images columns-default is-cropped wp-block-gallery-4 is-layout-flex wp-block-gallery-is-layout-flex\">\n<figure class=\"wp-block-image\"><img loading=\"lazy\" decoding=\"async\" width=\"2560\" height=\"1920\" data-id=\"174\" src=\"https:\/\/australien2026.compiworld.ch\/wp-content\/uploads\/2026\/01\/DSCN2418-scaled.jpg\" alt=\"\" class=\"wp-image-174\" srcset=\"https:\/\/australien2026.compiworld.ch\/wp-content\/uploads\/2026\/01\/DSCN2418-scaled.jpg 2560w, https:\/\/australien2026.compiworld.ch\/wp-content\/uploads\/2026\/01\/DSCN2418-300x225.jpg 300w, https:\/\/australien2026.compiworld.ch\/wp-content\/uploads\/2026\/01\/DSCN2418-1024x768.jpg 1024w, https:\/\/australien2026.compiworld.ch\/wp-content\/uploads\/2026\/01\/DSCN2418-768x576.jpg 768w, https:\/\/australien2026.compiworld.ch\/wp-content\/uploads\/2026\/01\/DSCN2418-1536x1152.jpg 1536w, https:\/\/australien2026.compiworld.ch\/wp-content\/uploads\/2026\/01\/DSCN2418-2048x1536.jpg 2048w\" sizes=\"auto, (max-width: 2560px) 100vw, 2560px\" \/><\/figure>\n\n\n\n<figure class=\"wp-block-image\"><img loading=\"lazy\" decoding=\"async\" width=\"2560\" height=\"1920\" data-id=\"175\" src=\"https:\/\/australien2026.compiworld.ch\/wp-content\/uploads\/2026\/01\/DSCN2419-scaled.jpg\" alt=\"\" class=\"wp-image-175\" srcset=\"https:\/\/australien2026.compiworld.ch\/wp-content\/uploads\/2026\/01\/DSCN2419-scaled.jpg 2560w, https:\/\/australien2026.compiworld.ch\/wp-content\/uploads\/2026\/01\/DSCN2419-300x225.jpg 300w, https:\/\/australien2026.compiworld.ch\/wp-content\/uploads\/2026\/01\/DSCN2419-1024x768.jpg 1024w, https:\/\/australien2026.compiworld.ch\/wp-content\/uploads\/2026\/01\/DSCN2419-768x576.jpg 768w, https:\/\/australien2026.compiworld.ch\/wp-content\/uploads\/2026\/01\/DSCN2419-1536x1152.jpg 1536w, https:\/\/australien2026.compiworld.ch\/wp-content\/uploads\/2026\/01\/DSCN2419-2048x1536.jpg 2048w\" sizes=\"auto, (max-width: 2560px) 100vw, 2560px\" \/><\/figure>\n<\/figure>\n\n\n\n<p>Von Mount Compass fuhren wir dann weiter Richtung S\u00fcden. Am 22.01.2026 um 14:30 mussten wir in Cape Jervis sein um die F\u00e4hre zu nehmen. Ziel f\u00fcr die n\u00e4chsten Tage ist Kangaroo Island. Es war eine neue Herausforderung, r\u00fcckw\u00e4rts mit unserem Gef\u00e4hrt auf die F\u00e4hre zu fahren. Nicht das ich es mir nicht zugetraut h\u00e4tte, aber es hat schon etwas eine &#8222;\u00e4ltere, hilflos wirkende&#8220; Frau zu sein \ud83e\udd23 Der einweisende Herr hat mich auf die F\u00e4hre geleitet. Er lief neben mir her und steuerte und ich musste nur Gas geben oder bremsen \ud83d\ude02\ud83e\udd23\ud83d\ude02\ud83e\udd23 Es ist erstaunlich wieviele Fahrzeuge auf so eine F\u00e4hre passen. Die \u00dcberfahrt war etwas schaukelnd und es war nicht so einfach die F\u00e4hre zu Fuss zu erkunden. Nach der Landung ging es dann auf dem direktesten Weg zu unserem Campground wo wir die n\u00e4chsten 3 N\u00e4chte verbrachten.<\/p>\n\n\n\n<figure class=\"wp-block-gallery has-nested-images columns-default is-cropped wp-block-gallery-5 is-layout-flex wp-block-gallery-is-layout-flex\">\n<figure class=\"wp-block-image size-large\"><img loading=\"lazy\" decoding=\"async\" width=\"1024\" height=\"577\" data-id=\"181\" src=\"https:\/\/australien2026.compiworld.ch\/wp-content\/uploads\/2026\/01\/1000110573-1-1024x577.jpg\" alt=\"\" class=\"wp-image-181\" srcset=\"https:\/\/australien2026.compiworld.ch\/wp-content\/uploads\/2026\/01\/1000110573-1-1024x577.jpg 1024w, https:\/\/australien2026.compiworld.ch\/wp-content\/uploads\/2026\/01\/1000110573-1-300x169.jpg 300w, https:\/\/australien2026.compiworld.ch\/wp-content\/uploads\/2026\/01\/1000110573-1-768x432.jpg 768w, https:\/\/australien2026.compiworld.ch\/wp-content\/uploads\/2026\/01\/1000110573-1-1536x865.jpg 1536w, https:\/\/australien2026.compiworld.ch\/wp-content\/uploads\/2026\/01\/1000110573-1-2048x1153.jpg 2048w\" sizes=\"auto, (max-width: 1024px) 100vw, 1024px\" \/><\/figure>\n\n\n\n<figure class=\"wp-block-image size-large\"><img loading=\"lazy\" decoding=\"async\" width=\"577\" height=\"1024\" data-id=\"182\" src=\"https:\/\/australien2026.compiworld.ch\/wp-content\/uploads\/2026\/01\/1000110575-1-577x1024.jpg\" alt=\"\" class=\"wp-image-182\" srcset=\"https:\/\/australien2026.compiworld.ch\/wp-content\/uploads\/2026\/01\/1000110575-1-577x1024.jpg 577w, https:\/\/australien2026.compiworld.ch\/wp-content\/uploads\/2026\/01\/1000110575-1-169x300.jpg 169w, https:\/\/australien2026.compiworld.ch\/wp-content\/uploads\/2026\/01\/1000110575-1-768x1364.jpg 768w, https:\/\/australien2026.compiworld.ch\/wp-content\/uploads\/2026\/01\/1000110575-1-865x1536.jpg 865w, https:\/\/australien2026.compiworld.ch\/wp-content\/uploads\/2026\/01\/1000110575-1-1153x2048.jpg 1153w, https:\/\/australien2026.compiworld.ch\/wp-content\/uploads\/2026\/01\/1000110575-1-scaled.jpg 1441w\" sizes=\"auto, (max-width: 577px) 100vw, 577px\" \/><\/figure>\n\n\n\n<figure class=\"wp-block-image size-large\"><img loading=\"lazy\" decoding=\"async\" width=\"577\" height=\"1024\" data-id=\"183\" src=\"https:\/\/australien2026.compiworld.ch\/wp-content\/uploads\/2026\/01\/1000110576-1-577x1024.jpg\" alt=\"\" class=\"wp-image-183\" srcset=\"https:\/\/australien2026.compiworld.ch\/wp-content\/uploads\/2026\/01\/1000110576-1-577x1024.jpg 577w, https:\/\/australien2026.compiworld.ch\/wp-content\/uploads\/2026\/01\/1000110576-1-169x300.jpg 169w, https:\/\/australien2026.compiworld.ch\/wp-content\/uploads\/2026\/01\/1000110576-1-768x1364.jpg 768w, https:\/\/australien2026.compiworld.ch\/wp-content\/uploads\/2026\/01\/1000110576-1-865x1536.jpg 865w, https:\/\/australien2026.compiworld.ch\/wp-content\/uploads\/2026\/01\/1000110576-1-1153x2048.jpg 1153w, https:\/\/australien2026.compiworld.ch\/wp-content\/uploads\/2026\/01\/1000110576-1-scaled.jpg 1441w\" sizes=\"auto, (max-width: 577px) 100vw, 577px\" \/><\/figure>\n\n\n\n<figure class=\"wp-block-image size-large\"><img loading=\"lazy\" decoding=\"async\" width=\"1024\" height=\"577\" data-id=\"184\" src=\"https:\/\/australien2026.compiworld.ch\/wp-content\/uploads\/2026\/01\/1000110574-1-1024x577.jpg\" alt=\"\" class=\"wp-image-184\" srcset=\"https:\/\/australien2026.compiworld.ch\/wp-content\/uploads\/2026\/01\/1000110574-1-1024x577.jpg 1024w, https:\/\/australien2026.compiworld.ch\/wp-content\/uploads\/2026\/01\/1000110574-1-300x169.jpg 300w, https:\/\/australien2026.compiworld.ch\/wp-content\/uploads\/2026\/01\/1000110574-1-768x432.jpg 768w, https:\/\/australien2026.compiworld.ch\/wp-content\/uploads\/2026\/01\/1000110574-1-1536x865.jpg 1536w, https:\/\/australien2026.compiworld.ch\/wp-content\/uploads\/2026\/01\/1000110574-1-2048x1153.jpg 2048w\" sizes=\"auto, (max-width: 1024px) 100vw, 1024px\" \/><\/figure>\n<\/figure>\n\n\n\n<p><\/p>\n","protected":false},"excerpt":{"rendered":"<p>Heute ging es zur \u00dcbernahme des Campervans. Wir wurden schnell eingewiesen und sassen schnell mal hinter dem Steuer. Claudia hatte [&hellip;]<\/p>\n","protected":false},"author":2,"featured_media":0,"parent":0,"menu_order":5,"comment_status":"closed","ping_status":"closed","template":"","meta":{"site-sidebar-layout":"default","site-content-layout":"","ast-site-content-layout":"default","site-content-style":"default","site-sidebar-style":"default","ast-global-header-display":"","ast-banner-title-visibility":"","ast-main-header-display":"","ast-hfb-above-header-display":"","ast-hfb-below-header-display":"","ast-hfb-mobile-header-display":"","site-post-title":"","ast-breadcrumbs-content":"","ast-featured-img":"","footer-sml-layout":"","ast-disable-related-posts":"","theme-transparent-header-meta":"","adv-header-id-meta":"","stick-header-meta":"","header-above-stick-meta":"","header-main-stick-meta":"","header-below-stick-meta":"","astra-migrate-meta-layouts":"default","ast-page-background-enabled":"default","ast-page-background-meta":{"desktop":{"background-color":"var(--ast-global-color-5)","background-image":"","background-repeat":"repeat","background-position":"center center","background-size":"auto","background-attachment":"scroll","background-type":"","background-media":"","overlay-type":"","overlay-color":"","overlay-opacity":"","overlay-gradient":""},"tablet":{"background-color":"","background-image":"","background-repeat":"repeat","background-position":"center center","background-size":"auto","background-attachment":"scroll","background-type":"","background-media":"","overlay-type":"","overlay-color":"","overlay-opacity":"","overlay-gradient":""},"mobile":{"background-color":"","background-image":"","background-repeat":"repeat","background-position":"center center","background-size":"auto","background-attachment":"scroll","background-type":"","background-media":"","overlay-type":"","overlay-color":"","overlay-opacity":"","overlay-gradient":""}},"ast-content-background-meta":{"desktop":{"background-color":"var(--ast-global-color-4)","background-image":"","background-repeat":"repeat","background-position":"center center","background-size":"auto","background-attachment":"scroll","background-type":"","background-media":"","overlay-type":"","overlay-color":"","overlay-opacity":"","overlay-gradient":""},"tablet":{"background-color":"var(--ast-global-color-4)","background-image":"","background-repeat":"repeat","background-position":"center center","background-size":"auto","background-attachment":"scroll","background-type":"","background-media":"","overlay-type":"","overlay-color":"","overlay-opacity":"","overlay-gradient":""},"mobile":{"background-color":"var(--ast-global-color-4)","background-image":"","background-repeat":"repeat","background-position":"center center","background-size":"auto","background-attachment":"scroll","background-type":"","background-media":"","overlay-type":"","overlay-color":"","overlay-opacity":"","overlay-gradient":""}},"footnotes":""},"class_list":["post-147","page","type-page","status-publish","hentry"],"_links":{"self":[{"href":"https:\/\/australien2026.compiworld.ch\/index.php?rest_route=\/wp\/v2\/pages\/147","targetHints":{"allow":["GET"]}}],"collection":[{"href":"https:\/\/australien2026.compiworld.ch\/index.php?rest_route=\/wp\/v2\/pages"}],"about":[{"href":"https:\/\/australien2026.compiworld.ch\/index.php?rest_route=\/wp\/v2\/types\/page"}],"author":[{"embeddable":true,"href":"https:\/\/australien2026.compiworld.ch\/index.php?rest_route=\/wp\/v2\/users\/2"}],"replies":[{"embeddable":true,"href":"https:\/\/australien2026.compiworld.ch\/index.php?rest_route=%2Fwp%2Fv2%2Fcomments&post=147"}],"version-history":[{"count":7,"href":"https:\/\/australien2026.compiworld.ch\/index.php?rest_route=\/wp\/v2\/pages\/147\/revisions"}],"predecessor-version":[{"id":185,"href":"https:\/\/australien2026.compiworld.ch\/index.php?rest_route=\/wp\/v2\/pages\/147\/revisions\/185"}],"wp:attachment":[{"href":"https:\/\/australien2026.compiworld.ch\/index.php?rest_route=%2Fwp%2Fv2%2Fmedia&parent=147"}],"curies":[{"name":"wp","href":"https:\/\/api.w.org\/{rel}","templated":true}]}}