{"id":83,"date":"2026-01-19T11:23:27","date_gmt":"2026-01-19T11:23:27","guid":{"rendered":"https:\/\/australien2026.compiworld.ch\/?page_id=83"},"modified":"2026-01-25T05:23:12","modified_gmt":"2026-01-25T05:23:12","slug":"__trashed-2","status":"publish","type":"page","link":"https:\/\/australien2026.compiworld.ch\/?page_id=83","title":{"rendered":"1. Erste Schritte"},"content":{"rendered":"\n<p>Alles begann mit dem L\u00e4uten des Weckers um 4:00 Uhr fr\u00fch an einem winterlichen 17.01.2026 \ud83d\ude36\u200d\ud83c\udf2b\ufe0f. <\/p>\n\n\n\n<p>AUFSTEHEN DAS ABENTEUER BEGINNT!!! <\/p>\n\n\n\n<p>Um f\u00fcnf Uhr stand das Taxi \ud83d\ude96 mit unserem Chauffeur M\u00e4rcu vor der T\u00fcr. Er fuhr uns zum Bahnhof nach Freiburg, wo wir mit 2 grossen Koffern, 2 Handgep\u00e4ckg\u00f6fferli und unseren Rucks\u00e4cken schlotternd vor K\u00e4lte, Aufregung und zuwenig Schlaf auf den Zug\ud83d\ude85 Richtung Flughafen warteten. <\/p>\n\n\n\n<p>Es ging in Z\u00fcrich Schlag auf Schlag. Vom Bahnhof zum Check-in Schalter von Singapore Airlines wo wir kaum 5 Minuten anstanden und unser 17kg bzw 14kg Gep\u00e4ck los wurden. Durch die Security innerhalb von auch da kaum 10 Minuten und dann raus zum Terminal E mit der Bahn und, ja da, gab es endlich einen Starbucks Kaffee!!!! Zackig ging es dann weiter zum Gate, boarden und auf den hintersten Pl\u00e4tzen uns einrichten. Und dann flogen wir nach ca 30 Minuten Versp\u00e4tung ab, weil die Tragfl\u00e4chen vorher noch enteist werden mussten <strong>\ud83d\ude1c<\/strong>. Wir wurden in den 11.5 Stunden gut versorgt mit Essen, allerlei Filmen, von Zeit zu Zeit durchger\u00fcttelt und zum Wellenrauschen wurde ged\u00f6st. Waren wir doch um ca. 11:00 in Z\u00fcrich losgeflogen, landeten wir trotzdem p\u00fcnktlich am 18.01.2026 um 05:45 (Ortszeit) in Singapore. Endlich etwas Bewegung. Wir fanden unseren Weg einfach und gut durch den Changi Flughafen von einem Terminal zum anderen. Nur etwas war jetzt anders, selbst im Flughafen war es warm und schw\u00fcl. <\/p>\n\n\n\n<p>Um 08:05 flogen wir schnurgerade und etwas mehr durchgesch\u00fcttelt nach Adelaide, wo wir dann endlich am 18.01.2026 um 17.:20 (Ortszeit) ankamen. Die elektronische Passkontrolle war ein Klacks und dann kam dies mit dem Deklarieren von Waren, Medikamenten und so weiter. Dort wurden wir kurz befragt und gleich rausgeschickt ohne jegliche Kontrolle.<\/p>\n\n\n\n<p>Wir liefen beim Rauskommen aus dem Flughafen in eine Hitzewand rein. 36\u00b0C schlugen uns entgegen. Wir hatten nur noch ein Ziel vor Augen, so schnell wie m\u00f6glich mit dem Taxi ins Hotel. Im Hotel angekommen, gab es nur noch raus aus den Kleidern und unter die Dusche. Wir sind dann noch eine Runde um den Block gelaufen und dann nur noch ins Bett fallen und schlafen&#8230;<\/p>\n\n\n\n<figure class=\"wp-block-gallery has-nested-images columns-default is-cropped wp-block-gallery-1 is-layout-flex wp-block-gallery-is-layout-flex\">\n<figure class=\"wp-block-image size-large\"><img loading=\"lazy\" decoding=\"async\" width=\"768\" height=\"1024\" data-id=\"111\" src=\"https:\/\/australien2026.compiworld.ch\/wp-content\/uploads\/2026\/01\/1000110145-3-768x1024.jpg\" alt=\"\" class=\"wp-image-111\" srcset=\"https:\/\/australien2026.compiworld.ch\/wp-content\/uploads\/2026\/01\/1000110145-3-768x1024.jpg 768w, https:\/\/australien2026.compiworld.ch\/wp-content\/uploads\/2026\/01\/1000110145-3-225x300.jpg 225w, https:\/\/australien2026.compiworld.ch\/wp-content\/uploads\/2026\/01\/1000110145-3-1152x1536.jpg 1152w, https:\/\/australien2026.compiworld.ch\/wp-content\/uploads\/2026\/01\/1000110145-3-1536x2048.jpg 1536w, https:\/\/australien2026.compiworld.ch\/wp-content\/uploads\/2026\/01\/1000110145-3-scaled.jpg 1920w\" sizes=\"auto, (max-width: 768px) 100vw, 768px\" \/><\/figure>\n\n\n\n<figure class=\"wp-block-image size-large\"><img loading=\"lazy\" decoding=\"async\" width=\"768\" height=\"1024\" data-id=\"112\" src=\"https:\/\/australien2026.compiworld.ch\/wp-content\/uploads\/2026\/01\/1000110144-2-768x1024.jpg\" alt=\"\" class=\"wp-image-112\" srcset=\"https:\/\/australien2026.compiworld.ch\/wp-content\/uploads\/2026\/01\/1000110144-2-768x1024.jpg 768w, https:\/\/australien2026.compiworld.ch\/wp-content\/uploads\/2026\/01\/1000110144-2-225x300.jpg 225w, https:\/\/australien2026.compiworld.ch\/wp-content\/uploads\/2026\/01\/1000110144-2-1152x1536.jpg 1152w, https:\/\/australien2026.compiworld.ch\/wp-content\/uploads\/2026\/01\/1000110144-2-1536x2048.jpg 1536w, https:\/\/australien2026.compiworld.ch\/wp-content\/uploads\/2026\/01\/1000110144-2-scaled.jpg 1920w\" sizes=\"auto, (max-width: 768px) 100vw, 768px\" \/><\/figure>\n\n\n\n<figure class=\"wp-block-image size-large\"><img loading=\"lazy\" decoding=\"async\" width=\"768\" height=\"1024\" data-id=\"113\" src=\"https:\/\/australien2026.compiworld.ch\/wp-content\/uploads\/2026\/01\/1000110146-1-768x1024.jpg\" alt=\"\" class=\"wp-image-113\" srcset=\"https:\/\/australien2026.compiworld.ch\/wp-content\/uploads\/2026\/01\/1000110146-1-768x1024.jpg 768w, https:\/\/australien2026.compiworld.ch\/wp-content\/uploads\/2026\/01\/1000110146-1-225x300.jpg 225w, https:\/\/australien2026.compiworld.ch\/wp-content\/uploads\/2026\/01\/1000110146-1-1152x1536.jpg 1152w, https:\/\/australien2026.compiworld.ch\/wp-content\/uploads\/2026\/01\/1000110146-1-1536x2048.jpg 1536w, https:\/\/australien2026.compiworld.ch\/wp-content\/uploads\/2026\/01\/1000110146-1-scaled.jpg 1920w\" sizes=\"auto, (max-width: 768px) 100vw, 768px\" \/><\/figure>\n\n\n\n<figure class=\"wp-block-image size-large\"><img loading=\"lazy\" decoding=\"async\" width=\"768\" height=\"1024\" data-id=\"114\" src=\"https:\/\/australien2026.compiworld.ch\/wp-content\/uploads\/2026\/01\/1000110148-1-768x1024.jpg\" alt=\"\" class=\"wp-image-114\" srcset=\"https:\/\/australien2026.compiworld.ch\/wp-content\/uploads\/2026\/01\/1000110148-1-768x1024.jpg 768w, https:\/\/australien2026.compiworld.ch\/wp-content\/uploads\/2026\/01\/1000110148-1-225x300.jpg 225w, https:\/\/australien2026.compiworld.ch\/wp-content\/uploads\/2026\/01\/1000110148-1-1152x1536.jpg 1152w, https:\/\/australien2026.compiworld.ch\/wp-content\/uploads\/2026\/01\/1000110148-1-1536x2048.jpg 1536w, https:\/\/australien2026.compiworld.ch\/wp-content\/uploads\/2026\/01\/1000110148-1-scaled.jpg 1920w\" sizes=\"auto, (max-width: 768px) 100vw, 768px\" \/><\/figure>\n\n\n\n<figure class=\"wp-block-image size-large\"><img loading=\"lazy\" decoding=\"async\" width=\"478\" height=\"1024\" data-id=\"103\" src=\"https:\/\/australien2026.compiworld.ch\/wp-content\/uploads\/2026\/01\/1000110150-478x1024.jpg\" alt=\"\" class=\"wp-image-103\" srcset=\"https:\/\/australien2026.compiworld.ch\/wp-content\/uploads\/2026\/01\/1000110150-478x1024.jpg 478w, https:\/\/australien2026.compiworld.ch\/wp-content\/uploads\/2026\/01\/1000110150-140x300.jpg 140w, https:\/\/australien2026.compiworld.ch\/wp-content\/uploads\/2026\/01\/1000110150-768x1647.jpg 768w, https:\/\/australien2026.compiworld.ch\/wp-content\/uploads\/2026\/01\/1000110150-716x1536.jpg 716w, https:\/\/australien2026.compiworld.ch\/wp-content\/uploads\/2026\/01\/1000110150-955x2048.jpg 955w, https:\/\/australien2026.compiworld.ch\/wp-content\/uploads\/2026\/01\/1000110150.jpg 1080w\" sizes=\"auto, (max-width: 478px) 100vw, 478px\" \/><\/figure>\n\n\n\n<figure class=\"wp-block-image size-large\"><img loading=\"lazy\" decoding=\"async\" width=\"1024\" height=\"768\" data-id=\"115\" src=\"https:\/\/australien2026.compiworld.ch\/wp-content\/uploads\/2026\/01\/1000110153-1-1024x768.jpg\" alt=\"\" class=\"wp-image-115\" srcset=\"https:\/\/australien2026.compiworld.ch\/wp-content\/uploads\/2026\/01\/1000110153-1-1024x768.jpg 1024w, https:\/\/australien2026.compiworld.ch\/wp-content\/uploads\/2026\/01\/1000110153-1-300x225.jpg 300w, https:\/\/australien2026.compiworld.ch\/wp-content\/uploads\/2026\/01\/1000110153-1-768x576.jpg 768w, https:\/\/australien2026.compiworld.ch\/wp-content\/uploads\/2026\/01\/1000110153-1-1536x1152.jpg 1536w, https:\/\/australien2026.compiworld.ch\/wp-content\/uploads\/2026\/01\/1000110153-1-2048x1536.jpg 2048w\" sizes=\"auto, (max-width: 1024px) 100vw, 1024px\" \/><\/figure>\n\n\n\n<figure class=\"wp-block-image size-large\"><img loading=\"lazy\" decoding=\"async\" width=\"478\" height=\"1024\" data-id=\"104\" src=\"https:\/\/australien2026.compiworld.ch\/wp-content\/uploads\/2026\/01\/1000110151-478x1024.jpg\" alt=\"\" class=\"wp-image-104\" srcset=\"https:\/\/australien2026.compiworld.ch\/wp-content\/uploads\/2026\/01\/1000110151-478x1024.jpg 478w, https:\/\/australien2026.compiworld.ch\/wp-content\/uploads\/2026\/01\/1000110151-140x300.jpg 140w, https:\/\/australien2026.compiworld.ch\/wp-content\/uploads\/2026\/01\/1000110151-768x1647.jpg 768w, https:\/\/australien2026.compiworld.ch\/wp-content\/uploads\/2026\/01\/1000110151-716x1536.jpg 716w, https:\/\/australien2026.compiworld.ch\/wp-content\/uploads\/2026\/01\/1000110151-955x2048.jpg 955w, https:\/\/australien2026.compiworld.ch\/wp-content\/uploads\/2026\/01\/1000110151.jpg 1080w\" sizes=\"auto, (max-width: 478px) 100vw, 478px\" \/><\/figure>\n\n\n\n<figure class=\"wp-block-image size-large\"><img loading=\"lazy\" decoding=\"async\" width=\"478\" height=\"1024\" data-id=\"105\" src=\"https:\/\/australien2026.compiworld.ch\/wp-content\/uploads\/2026\/01\/1000110154-478x1024.jpg\" alt=\"\" class=\"wp-image-105\" srcset=\"https:\/\/australien2026.compiworld.ch\/wp-content\/uploads\/2026\/01\/1000110154-478x1024.jpg 478w, https:\/\/australien2026.compiworld.ch\/wp-content\/uploads\/2026\/01\/1000110154-140x300.jpg 140w, https:\/\/australien2026.compiworld.ch\/wp-content\/uploads\/2026\/01\/1000110154-768x1647.jpg 768w, https:\/\/australien2026.compiworld.ch\/wp-content\/uploads\/2026\/01\/1000110154-716x1536.jpg 716w, https:\/\/australien2026.compiworld.ch\/wp-content\/uploads\/2026\/01\/1000110154-955x2048.jpg 955w, https:\/\/australien2026.compiworld.ch\/wp-content\/uploads\/2026\/01\/1000110154.jpg 1080w\" sizes=\"auto, (max-width: 478px) 100vw, 478px\" \/><\/figure>\n<\/figure>\n\n\n\n<p><\/p>\n","protected":false},"excerpt":{"rendered":"<p>Alles begann mit dem L\u00e4uten des Weckers um 4:00 Uhr fr\u00fch an einem winterlichen 17.01.2026 \ud83d\ude36\u200d\ud83c\udf2b\ufe0f. AUFSTEHEN DAS ABENTEUER BEGINNT!!! [&hellip;]<\/p>\n","protected":false},"author":2,"featured_media":0,"parent":0,"menu_order":3,"comment_status":"closed","ping_status":"closed","template":"","meta":{"site-sidebar-layout":"default","site-content-layout":"","ast-site-content-layout":"default","site-content-style":"default","site-sidebar-style":"default","ast-global-header-display":"","ast-banner-title-visibility":"","ast-main-header-display":"","ast-hfb-above-header-display":"","ast-hfb-below-header-display":"","ast-hfb-mobile-header-display":"","site-post-title":"","ast-breadcrumbs-content":"","ast-featured-img":"","footer-sml-layout":"","ast-disable-related-posts":"","theme-transparent-header-meta":"","adv-header-id-meta":"","stick-header-meta":"","header-above-stick-meta":"","header-main-stick-meta":"","header-below-stick-meta":"","astra-migrate-meta-layouts":"default","ast-page-background-enabled":"default","ast-page-background-meta":{"desktop":{"background-color":"var(--ast-global-color-5)","background-image":"","background-repeat":"repeat","background-position":"center center","background-size":"auto","background-attachment":"scroll","background-type":"","background-media":"","overlay-type":"","overlay-color":"","overlay-opacity":"","overlay-gradient":""},"tablet":{"background-color":"","background-image":"","background-repeat":"repeat","background-position":"center center","background-size":"auto","background-attachment":"scroll","background-type":"","background-media":"","overlay-type":"","overlay-color":"","overlay-opacity":"","overlay-gradient":""},"mobile":{"background-color":"","background-image":"","background-repeat":"repeat","background-position":"center center","background-size":"auto","background-attachment":"scroll","background-type":"","background-media":"","overlay-type":"","overlay-color":"","overlay-opacity":"","overlay-gradient":""}},"ast-content-background-meta":{"desktop":{"background-color":"var(--ast-global-color-4)","background-image":"","background-repeat":"repeat","background-position":"center center","background-size":"auto","background-attachment":"scroll","background-type":"","background-media":"","overlay-type":"","overlay-color":"","overlay-opacity":"","overlay-gradient":""},"tablet":{"background-color":"var(--ast-global-color-4)","background-image":"","background-repeat":"repeat","background-position":"center center","background-size":"auto","background-attachment":"scroll","background-type":"","background-media":"","overlay-type":"","overlay-color":"","overlay-opacity":"","overlay-gradient":""},"mobile":{"background-color":"var(--ast-global-color-4)","background-image":"","background-repeat":"repeat","background-position":"center center","background-size":"auto","background-attachment":"scroll","background-type":"","background-media":"","overlay-type":"","overlay-color":"","overlay-opacity":"","overlay-gradient":""}},"footnotes":""},"class_list":["post-83","page","type-page","status-publish","hentry"],"_links":{"self":[{"href":"https:\/\/australien2026.compiworld.ch\/index.php?rest_route=\/wp\/v2\/pages\/83","targetHints":{"allow":["GET"]}}],"collection":[{"href":"https:\/\/australien2026.compiworld.ch\/index.php?rest_route=\/wp\/v2\/pages"}],"about":[{"href":"https:\/\/australien2026.compiworld.ch\/index.php?rest_route=\/wp\/v2\/types\/page"}],"author":[{"embeddable":true,"href":"https:\/\/australien2026.compiworld.ch\/index.php?rest_route=\/wp\/v2\/users\/2"}],"replies":[{"embeddable":true,"href":"https:\/\/australien2026.compiworld.ch\/index.php?rest_route=%2Fwp%2Fv2%2Fcomments&post=83"}],"version-history":[{"count":5,"href":"https:\/\/australien2026.compiworld.ch\/index.php?rest_route=\/wp\/v2\/pages\/83\/revisions"}],"predecessor-version":[{"id":148,"href":"https:\/\/australien2026.compiworld.ch\/index.php?rest_route=\/wp\/v2\/pages\/83\/revisions\/148"}],"wp:attachment":[{"href":"https:\/\/australien2026.compiworld.ch\/index.php?rest_route=%2Fwp%2Fv2%2Fmedia&parent=83"}],"curies":[{"name":"wp","href":"https:\/\/api.w.org\/{rel}","templated":true}]}}